{"id":21,"date":"2020-06-19T14:59:18","date_gmt":"2020-06-19T14:59:18","guid":{"rendered":"https:\/\/alquilercasetasmadera.es\/?page_id=21"},"modified":"2020-07-14T10:47:28","modified_gmt":"2020-07-14T10:47:28","slug":"quienes-somos","status":"publish","type":"page","link":"https:\/\/alquilercasetasmadera.es\/?page_id=21","title":{"rendered":"Qui\u00e9nes somos"},"content":{"rendered":"\t\t<div data-elementor-type=\"wp-page\" data-elementor-id=\"21\" class=\"elementor elementor-21\" data-elementor-settings=\"[]\">\n\t\t\t\t\t\t<div class=\"elementor-inner\">\n\t\t\t\t\t\t\t<div class=\"elementor-section-wrap\">\n\t\t\t\t\t\t\t<section class=\"elementor-section elementor-top-section elementor-element elementor-element-63d2cfeb elementor-section-height-min-height elementor-section-content-middle elementor-section-boxed elementor-section-height-default elementor-section-items-middle\" data-id=\"63d2cfeb\" data-element_type=\"section\" data-settings=\"{&quot;background_background&quot;:&quot;classic&quot;}\">\n\t\t\t\t\t\t<div class=\"elementor-container elementor-column-gap-default\">\n\t\t\t\t\t\t\t<div class=\"elementor-row\">\n\t\t\t\t\t<div class=\"elementor-column elementor-col-100 elementor-top-column elementor-element elementor-element-37343ac\" data-id=\"37343ac\" data-element_type=\"column\">\n\t\t\t<div class=\"elementor-column-wrap elementor-element-populated\">\n\t\t\t\t\t\t\t<div class=\"elementor-widget-wrap\">\n\t\t\t\t\t\t<div class=\"elementor-element elementor-element-d46f579 elementor-widget elementor-widget-text-editor\" data-id=\"d46f579\" data-element_type=\"widget\" data-widget_type=\"text-editor.default\">\n\t\t\t\t<div class=\"elementor-widget-container\">\n\t\t\t\t\t<div class=\"elementor-text-editor elementor-clearfix\"><p>Zaragoza &amp; Eventos es una empresa perteneciente al grupo empresarial conformado junto a Orfeinte e Inmensa Eventos con una amplia trayectoria profesional de m\u00e1s de diez a\u00f1os de experiencia.<\/p><\/div>\n\t\t\t\t<\/div>\n\t\t\t\t<\/div>\n\t\t\t\t\t\t<\/div>\n\t\t\t\t\t<\/div>\n\t\t<\/div>\n\t\t\t\t\t\t\t\t<\/div>\n\t\t\t\t\t<\/div>\n\t\t<\/section>\n\t\t\t\t<section class=\"elementor-section elementor-top-section elementor-element elementor-element-6a5bfd79 elementor-section-boxed elementor-section-height-default elementor-section-height-default\" data-id=\"6a5bfd79\" data-element_type=\"section\">\n\t\t\t\t\t\t<div class=\"elementor-container elementor-column-gap-default\">\n\t\t\t\t\t\t\t<div class=\"elementor-row\">\n\t\t\t\t\t<div class=\"elementor-column elementor-col-50 elementor-top-column elementor-element elementor-element-73274f8f\" data-id=\"73274f8f\" data-element_type=\"column\">\n\t\t\t<div class=\"elementor-column-wrap elementor-element-populated\">\n\t\t\t\t\t\t\t<div class=\"elementor-widget-wrap\">\n\t\t\t\t\t\t<div class=\"elementor-element elementor-element-c138828 elementor-widget elementor-widget-image\" data-id=\"c138828\" data-element_type=\"widget\" data-widget_type=\"image.default\">\n\t\t\t\t<div class=\"elementor-widget-container\">\n\t\t\t\t\t<div class=\"elementor-image\">\n\t\t\t\t\t\t\t\t\t\t<img width=\"506\" height=\"900\" src=\"https:\/\/alquilercasetasmadera.es\/wp-content\/uploads\/2020\/07\/sobre-nosotros.jpg\" class=\"attachment-large size-large\" alt=\"\" loading=\"lazy\" srcset=\"https:\/\/alquilercasetasmadera.es\/wp-content\/uploads\/2020\/07\/sobre-nosotros.jpg 506w, https:\/\/alquilercasetasmadera.es\/wp-content\/uploads\/2020\/07\/sobre-nosotros-169x300.jpg 169w\" sizes=\"(max-width: 506px) 100vw, 506px\" \/>\t\t\t\t\t\t\t\t\t\t\t<\/div>\n\t\t\t\t<\/div>\n\t\t\t\t<\/div>\n\t\t\t\t\t\t<\/div>\n\t\t\t\t\t<\/div>\n\t\t<\/div>\n\t\t\t\t<div class=\"elementor-column elementor-col-50 elementor-top-column elementor-element elementor-element-799282d3\" data-id=\"799282d3\" data-element_type=\"column\" data-settings=\"{&quot;background_background&quot;:&quot;classic&quot;}\">\n\t\t\t<div class=\"elementor-column-wrap elementor-element-populated\">\n\t\t\t\t\t\t\t<div class=\"elementor-widget-wrap\">\n\t\t\t\t\t\t<div class=\"elementor-element elementor-element-3c2b1fc1 elementor-widget elementor-widget-text-editor\" data-id=\"3c2b1fc1\" data-element_type=\"widget\" data-widget_type=\"text-editor.default\">\n\t\t\t\t<div class=\"elementor-widget-container\">\n\t\t\t\t\t<div class=\"elementor-text-editor elementor-clearfix\"><p>Su estructura est\u00e1 conformada por un equipo multidisciplinar altamente cualificado dedicado a la planificaci\u00f3n, gesti\u00f3n y ejecuci\u00f3n de eventos de diversa \u00edndole tem\u00e1tica como Mercados navide\u00f1os, Ferias agroalimentarias, Recintos feriales, Fiestas de la cerveza &#8220;Oktoberfest&#8221;, Ferias del libro, Mercados medievales o eventos de car\u00e1cter solidario, entre otros muchos.<\/p><\/div>\n\t\t\t\t<\/div>\n\t\t\t\t<\/div>\n\t\t\t\t\t\t<\/div>\n\t\t\t\t\t<\/div>\n\t\t<\/div>\n\t\t\t\t\t\t\t\t<\/div>\n\t\t\t\t\t<\/div>\n\t\t<\/section>\n\t\t\t\t<section class=\"elementor-section elementor-top-section elementor-element elementor-element-89f8175 elementor-section-boxed elementor-section-height-default elementor-section-height-default\" data-id=\"89f8175\" data-element_type=\"section\">\n\t\t\t\t\t\t<div class=\"elementor-container elementor-column-gap-default\">\n\t\t\t\t\t\t\t<div class=\"elementor-row\">\n\t\t\t\t\t<div class=\"elementor-column elementor-col-50 elementor-top-column elementor-element elementor-element-0f1923f\" data-id=\"0f1923f\" data-element_type=\"column\" data-settings=\"{&quot;background_background&quot;:&quot;classic&quot;}\">\n\t\t\t<div class=\"elementor-column-wrap elementor-element-populated\">\n\t\t\t\t\t\t\t<div class=\"elementor-widget-wrap\">\n\t\t\t\t\t\t<div class=\"elementor-element elementor-element-1baa6a3 elementor-widget elementor-widget-text-editor\" data-id=\"1baa6a3\" data-element_type=\"widget\" data-widget_type=\"text-editor.default\">\n\t\t\t\t<div class=\"elementor-widget-container\">\n\t\t\t\t\t<div class=\"elementor-text-editor elementor-clearfix\"><p>Junto a la gesti\u00f3n integral de eventos, se encuentra entre nuestras competencias m\u00e1s destacadas el alquiler de casetas de madera para eventos de todo tipo, desde ferias gastron\u00f3micas o editoriales, hasta grandes mercados navide\u00f1os.<\/p><\/div>\n\t\t\t\t<\/div>\n\t\t\t\t<\/div>\n\t\t\t\t\t\t<\/div>\n\t\t\t\t\t<\/div>\n\t\t<\/div>\n\t\t\t\t<div class=\"elementor-column elementor-col-50 elementor-top-column elementor-element elementor-element-fb1baf2\" data-id=\"fb1baf2\" data-element_type=\"column\">\n\t\t\t<div class=\"elementor-column-wrap elementor-element-populated\">\n\t\t\t\t\t\t\t<div class=\"elementor-widget-wrap\">\n\t\t\t\t\t\t<div class=\"elementor-element elementor-element-09001af elementor-widget elementor-widget-image\" data-id=\"09001af\" data-element_type=\"widget\" data-widget_type=\"image.default\">\n\t\t\t\t<div class=\"elementor-widget-container\">\n\t\t\t\t\t<div class=\"elementor-image\">\n\t\t\t\t\t\t\t\t\t\t<img width=\"506\" height=\"900\" src=\"https:\/\/alquilercasetasmadera.es\/wp-content\/uploads\/2020\/07\/sobre-nosotros-2.jpg\" class=\"attachment-large size-large\" alt=\"\" loading=\"lazy\" srcset=\"https:\/\/alquilercasetasmadera.es\/wp-content\/uploads\/2020\/07\/sobre-nosotros-2.jpg 506w, https:\/\/alquilercasetasmadera.es\/wp-content\/uploads\/2020\/07\/sobre-nosotros-2-169x300.jpg 169w\" sizes=\"(max-width: 506px) 100vw, 506px\" \/>\t\t\t\t\t\t\t\t\t\t\t<\/div>\n\t\t\t\t<\/div>\n\t\t\t\t<\/div>\n\t\t\t\t\t\t<\/div>\n\t\t\t\t\t<\/div>\n\t\t<\/div>\n\t\t\t\t\t\t\t\t<\/div>\n\t\t\t\t\t<\/div>\n\t\t<\/section>\n\t\t\t\t<section class=\"elementor-section elementor-top-section elementor-element elementor-element-e364ec6 elementor-section-boxed elementor-section-height-default elementor-section-height-default\" data-id=\"e364ec6\" data-element_type=\"section\">\n\t\t\t\t\t\t<div class=\"elementor-container elementor-column-gap-default\">\n\t\t\t\t\t\t\t<div class=\"elementor-row\">\n\t\t\t\t\t<div class=\"elementor-column elementor-col-100 elementor-top-column elementor-element elementor-element-93f70c1\" data-id=\"93f70c1\" data-element_type=\"column\">\n\t\t\t<div class=\"elementor-column-wrap elementor-element-populated\">\n\t\t\t\t\t\t\t<div class=\"elementor-widget-wrap\">\n\t\t\t\t\t\t<div class=\"elementor-element elementor-element-dda120e elementor-align-left elementor-icon-list--layout-traditional elementor-list-item-link-full_width elementor-widget elementor-widget-icon-list\" data-id=\"dda120e\" data-element_type=\"widget\" data-widget_type=\"icon-list.default\">\n\t\t\t\t<div class=\"elementor-widget-container\">\n\t\t\t\t\t<ul class=\"elementor-icon-list-items\">\n\t\t\t\t\t\t\t<li class=\"elementor-icon-list-item\">\n\t\t\t\t\t\t\t\t\t\t\t<span class=\"elementor-icon-list-icon\">\n\t\t\t\t\t\t\t<i aria-hidden=\"true\" class=\"fas fa-key\"><\/i>\t\t\t\t\t\t<\/span>\n\t\t\t\t\t\t\t\t\t\t<span class=\"elementor-icon-list-text\">Un servicio que ofrecemos a nuestros clientes es el alquiler de casetas de madera llaves en mano: nosotros nos encargamos de trasladarlas a cualquier punto de Espa\u00f1a, llevar a cabo su instalaci\u00f3n y, de forma posterior a la celebraci\u00f3n del evento, su desmontaje. Nuestros clientes no tienen que preocuparse por nada.<\/span>\n\t\t\t\t\t\t\t\t\t<\/li>\n\t\t\t\t\t\t\t\t<li class=\"elementor-icon-list-item\">\n\t\t\t\t\t\t\t\t\t\t\t<span class=\"elementor-icon-list-icon\">\n\t\t\t\t\t\t\t<i aria-hidden=\"true\" class=\"fas fa-award\"><\/i>\t\t\t\t\t\t<\/span>\n\t\t\t\t\t\t\t\t\t\t<span class=\"elementor-icon-list-text\">Un servicio, el alquiler de casetas de madera, que pone al alcance de cualquier municipio o ciudad la posibilidad de realizar su propio evento de car\u00e1cter cultural, puesto que simplifica enormemente la log\u00edstica necesaria para llevar a cabo este tipo de eventos que sin duda contribuyen a promocionar el turismo y la historia de los lugares en los que se celebran, convirti\u00e9ndose en un reclamo tur\u00edstico en s\u00ed mismo capaz de generar riqueza para el lugar en el que se celebra. Algo que podemos afirmar sin miedo a equivocarnos pues los m\u00e1s de diez a\u00f1os de experiencia que tenemos as\u00ed nos lo han confirmado.<\/span>\n\t\t\t\t\t\t\t\t\t<\/li>\n\t\t\t\t\t\t<\/ul>\n\t\t\t\t<\/div>\n\t\t\t\t<\/div>\n\t\t\t\t<div class=\"elementor-element elementor-element-d5953a1 elementor-widget elementor-widget-image\" data-id=\"d5953a1\" data-element_type=\"widget\" data-widget_type=\"image.default\">\n\t\t\t\t<div class=\"elementor-widget-container\">\n\t\t\t\t\t<div class=\"elementor-image\">\n\t\t\t\t\t\t\t\t\t\t<img width=\"1024\" height=\"683\" src=\"https:\/\/alquilercasetasmadera.es\/wp-content\/uploads\/2020\/06\/ambiente-general-feria-casetas-madera-zaragoza-y-eventos.jpg\" class=\"attachment-large size-large\" alt=\"\" loading=\"lazy\" srcset=\"https:\/\/alquilercasetasmadera.es\/wp-content\/uploads\/2020\/06\/ambiente-general-feria-casetas-madera-zaragoza-y-eventos.jpg 1024w, https:\/\/alquilercasetasmadera.es\/wp-content\/uploads\/2020\/06\/ambiente-general-feria-casetas-madera-zaragoza-y-eventos-300x200.jpg 300w, https:\/\/alquilercasetasmadera.es\/wp-content\/uploads\/2020\/06\/ambiente-general-feria-casetas-madera-zaragoza-y-eventos-768x512.jpg 768w\" sizes=\"(max-width: 1024px) 100vw, 1024px\" \/>\t\t\t\t\t\t\t\t\t\t\t<\/div>\n\t\t\t\t<\/div>\n\t\t\t\t<\/div>\n\t\t\t\t\t\t<\/div>\n\t\t\t\t\t<\/div>\n\t\t<\/div>\n\t\t\t\t\t\t\t\t<\/div>\n\t\t\t\t\t<\/div>\n\t\t<\/section>\n\t\t\t\t<section class=\"elementor-section elementor-top-section elementor-element elementor-element-94d1881 elementor-section-boxed elementor-section-height-default elementor-section-height-default\" data-id=\"94d1881\" data-element_type=\"section\" data-settings=\"{&quot;background_background&quot;:&quot;classic&quot;}\">\n\t\t\t\t\t\t<div class=\"elementor-container elementor-column-gap-default\">\n\t\t\t\t\t\t\t<div class=\"elementor-row\">\n\t\t\t\t\t<div class=\"elementor-column elementor-col-50 elementor-top-column elementor-element elementor-element-231b1884\" data-id=\"231b1884\" data-element_type=\"column\">\n\t\t\t<div class=\"elementor-column-wrap elementor-element-populated\">\n\t\t\t\t\t\t\t<div class=\"elementor-widget-wrap\">\n\t\t\t\t\t\t<div class=\"elementor-element elementor-element-644ae6ee elementor-widget elementor-widget-heading\" data-id=\"644ae6ee\" data-element_type=\"widget\" data-widget_type=\"heading.default\">\n\t\t\t\t<div class=\"elementor-widget-container\">\n\t\t\t<h2 class=\"elementor-heading-title elementor-size-default\">experiencia<br>y capacidad<\/h2>\t\t<\/div>\n\t\t\t\t<\/div>\n\t\t\t\t<div class=\"elementor-element elementor-element-7d3dca35 elementor-widget elementor-widget-text-editor\" data-id=\"7d3dca35\" data-element_type=\"widget\" data-widget_type=\"text-editor.default\">\n\t\t\t\t<div class=\"elementor-widget-container\">\n\t\t\t\t\t<div class=\"elementor-text-editor elementor-clearfix\"><p>Hemos llevado a cabo toda clase de proyectos dedicados a potenciar la oferta cultural y de ocio tanto de grandes municipios como la ciudad de Zaragoza, como de otros mucho m\u00e1s peque\u00f1os dentro del territorio aragon\u00e9s. Ha sido precisamente la consolidaci\u00f3n dentro de nuestra comunidad como empresa de referencia en el sector de la gesti\u00f3n de eventos, la que nos permiti\u00f3, hace a\u00f1os, la expansi\u00f3n a otras ciudades como Pamplona, Vitoria, C\u00f3rdoba o Palma de Mallorca en las que continuamos trabajando.<\/p><\/div>\n\t\t\t\t<\/div>\n\t\t\t\t<\/div>\n\t\t\t\t\t\t<\/div>\n\t\t\t\t\t<\/div>\n\t\t<\/div>\n\t\t\t\t<div class=\"elementor-column elementor-col-50 elementor-top-column elementor-element elementor-element-3cd06364\" data-id=\"3cd06364\" data-element_type=\"column\">\n\t\t\t<div class=\"elementor-column-wrap elementor-element-populated\">\n\t\t\t\t\t\t\t<div class=\"elementor-widget-wrap\">\n\t\t\t\t\t\t<div class=\"elementor-element elementor-element-745da72 elementor-widget elementor-widget-image\" data-id=\"745da72\" data-element_type=\"widget\" data-widget_type=\"image.default\">\n\t\t\t\t<div class=\"elementor-widget-container\">\n\t\t\t\t\t<div class=\"elementor-image\">\n\t\t\t\t\t\t\t\t\t\t<img width=\"500\" height=\"313\" src=\"https:\/\/alquilercasetasmadera.es\/wp-content\/uploads\/2020\/06\/casetas-madera.png\" class=\"attachment-large size-large\" alt=\"\" loading=\"lazy\" srcset=\"https:\/\/alquilercasetasmadera.es\/wp-content\/uploads\/2020\/06\/casetas-madera.png 500w, https:\/\/alquilercasetasmadera.es\/wp-content\/uploads\/2020\/06\/casetas-madera-300x188.png 300w\" sizes=\"(max-width: 500px) 100vw, 500px\" \/>\t\t\t\t\t\t\t\t\t\t\t<\/div>\n\t\t\t\t<\/div>\n\t\t\t\t<\/div>\n\t\t\t\t<section class=\"elementor-section elementor-inner-section elementor-element elementor-element-2aad7033 elementor-section-height-min-height elementor-section-boxed elementor-section-height-default\" data-id=\"2aad7033\" data-element_type=\"section\">\n\t\t\t\t\t\t<div class=\"elementor-container elementor-column-gap-default\">\n\t\t\t\t\t\t\t<div class=\"elementor-row\">\n\t\t\t\t\t<div class=\"elementor-column elementor-col-100 elementor-inner-column elementor-element elementor-element-75daef31\" data-id=\"75daef31\" data-element_type=\"column\" data-settings=\"{&quot;background_background&quot;:&quot;classic&quot;}\">\n\t\t\t<div class=\"elementor-column-wrap elementor-element-populated\">\n\t\t\t\t\t\t\t<div class=\"elementor-widget-wrap\">\n\t\t\t\t\t\t<div class=\"elementor-element elementor-element-66998213 elementor-widget elementor-widget-testimonial\" data-id=\"66998213\" data-element_type=\"widget\" data-widget_type=\"testimonial.default\">\n\t\t\t\t<div class=\"elementor-widget-container\">\n\t\t\t\t\t<div class=\"elementor-testimonial-wrapper elementor-testimonial-text-align-left\">\n\t\t\t\t\t\t\t<div class=\"elementor-testimonial-content\">Puedes descargarte aqu\u00ed nuestro Dossier Corporativo<\/div>\n\t\t\t\n\t\t\t\t\t<\/div>\n\t\t\t\t<\/div>\n\t\t\t\t<\/div>\n\t\t\t\t<div class=\"elementor-element elementor-element-3672a343 elementor-view-default elementor-widget elementor-widget-icon\" data-id=\"3672a343\" data-element_type=\"widget\" data-widget_type=\"icon.default\">\n\t\t\t\t<div class=\"elementor-widget-container\">\n\t\t\t\t\t<div class=\"elementor-icon-wrapper\">\n\t\t\t<a class=\"elementor-icon\" href=\"https:\/\/alquilercasetasmadera.es\/wp-content\/uploads\/2020\/07\/Dossier-corporativo-casetas.pdf\" target=\"_blank\">\n\t\t\t<i aria-hidden=\"true\" class=\"far fa-file-pdf\"><\/i>\t\t\t<\/a>\n\t\t<\/div>\n\t\t\t\t<\/div>\n\t\t\t\t<\/div>\n\t\t\t\t\t\t<\/div>\n\t\t\t\t\t<\/div>\n\t\t<\/div>\n\t\t\t\t\t\t\t\t<\/div>\n\t\t\t\t\t<\/div>\n\t\t<\/section>\n\t\t\t\t\t\t<\/div>\n\t\t\t\t\t<\/div>\n\t\t<\/div>\n\t\t\t\t\t\t\t\t<\/div>\n\t\t\t\t\t<\/div>\n\t\t<\/section>\n\t\t\t\t\t\t<\/div>\n\t\t\t\t\t\t<\/div>\n\t\t\t\t\t<\/div>\n\t\t","protected":false},"excerpt":{"rendered":"<p>Zaragoza &amp; Eventos es una empresa perteneciente al grupo empresarial conformado junto a Orfeinte e Inmensa Eventos con una amplia trayectoria profesional de m\u00e1s de diez a\u00f1os de experiencia. Su estructura est\u00e1 conformada por un equipo multidisciplinar altamente cualificado dedicado a la planificaci\u00f3n, gesti\u00f3n y ejecuci\u00f3n de eventos de diversa \u00edndole tem\u00e1tica como Mercados navide\u00f1os, &#8230; <a title=\"Qui\u00e9nes somos\" class=\"read-more\" href=\"https:\/\/alquilercasetasmadera.es\/?page_id=21\">Leer m\u00e1s <span class=\"screen-reader-text\">Qui\u00e9nes somos<\/span><\/a><\/p>\n","protected":false},"author":1,"featured_media":0,"parent":0,"menu_order":0,"comment_status":"closed","ping_status":"closed","template":"","meta":[],"_links":{"self":[{"href":"https:\/\/alquilercasetasmadera.es\/index.php?rest_route=\/wp\/v2\/pages\/21"}],"collection":[{"href":"https:\/\/alquilercasetasmadera.es\/index.php?rest_route=\/wp\/v2\/pages"}],"about":[{"href":"https:\/\/alquilercasetasmadera.es\/index.php?rest_route=\/wp\/v2\/types\/page"}],"author":[{"embeddable":true,"href":"https:\/\/alquilercasetasmadera.es\/index.php?rest_route=\/wp\/v2\/users\/1"}],"replies":[{"embeddable":true,"href":"https:\/\/alquilercasetasmadera.es\/index.php?rest_route=%2Fwp%2Fv2%2Fcomments&post=21"}],"version-history":[{"count":18,"href":"https:\/\/alquilercasetasmadera.es\/index.php?rest_route=\/wp\/v2\/pages\/21\/revisions"}],"predecessor-version":[{"id":359,"href":"https:\/\/alquilercasetasmadera.es\/index.php?rest_route=\/wp\/v2\/pages\/21\/revisions\/359"}],"wp:attachment":[{"href":"https:\/\/alquilercasetasmadera.es\/index.php?rest_route=%2Fwp%2Fv2%2Fmedia&parent=21"}],"curies":[{"name":"wp","href":"https:\/\/api.w.org\/{rel}","templated":true}]}}