{"id":26,"date":"2020-06-19T15:03:51","date_gmt":"2020-06-19T15:03:51","guid":{"rendered":"https:\/\/alquilercasetasmadera.es\/?page_id=26"},"modified":"2020-07-27T11:25:00","modified_gmt":"2020-07-27T11:25:00","slug":"descripcion","status":"publish","type":"page","link":"https:\/\/alquilercasetasmadera.es\/?page_id=26","title":{"rendered":"Descripci\u00f3n"},"content":{"rendered":"\t\t<div data-elementor-type=\"wp-page\" data-elementor-id=\"26\" class=\"elementor elementor-26\" data-elementor-settings=\"[]\">\n\t\t\t\t\t\t<div class=\"elementor-inner\">\n\t\t\t\t\t\t\t<div class=\"elementor-section-wrap\">\n\t\t\t\t\t\t\t<section class=\"elementor-section elementor-top-section elementor-element elementor-element-54bda87 elementor-section-content-top elementor-section-boxed elementor-section-height-default elementor-section-height-default\" data-id=\"54bda87\" data-element_type=\"section\">\n\t\t\t\t\t\t<div class=\"elementor-container elementor-column-gap-no\">\n\t\t\t\t\t\t\t<div class=\"elementor-row\">\n\t\t\t\t\t<div class=\"elementor-column elementor-col-100 elementor-top-column elementor-element elementor-element-26b7343a\" data-id=\"26b7343a\" data-element_type=\"column\">\n\t\t\t<div class=\"elementor-column-wrap elementor-element-populated\">\n\t\t\t\t\t\t\t<div class=\"elementor-widget-wrap\">\n\t\t\t\t\t\t<section class=\"elementor-section elementor-inner-section elementor-element elementor-element-4c52ad4a elementor-section-content-middle elementor-reverse-mobile elementor-section-boxed elementor-section-height-default elementor-section-height-default\" data-id=\"4c52ad4a\" data-element_type=\"section\">\n\t\t\t\t\t\t<div class=\"elementor-container elementor-column-gap-no\">\n\t\t\t\t\t\t\t<div class=\"elementor-row\">\n\t\t\t\t\t<div class=\"elementor-column elementor-col-50 elementor-inner-column elementor-element elementor-element-4f9f94a5\" data-id=\"4f9f94a5\" data-element_type=\"column\" data-settings=\"{&quot;background_background&quot;:&quot;classic&quot;}\">\n\t\t\t<div class=\"elementor-column-wrap elementor-element-populated\">\n\t\t\t\t\t\t\t<div class=\"elementor-widget-wrap\">\n\t\t\t\t\t\t<div class=\"elementor-element elementor-element-1216cd94 elementor-widget elementor-widget-text-editor\" data-id=\"1216cd94\" data-element_type=\"widget\" data-widget_type=\"text-editor.default\">\n\t\t\t\t<div class=\"elementor-widget-container\">\n\t\t\t\t\t<div class=\"elementor-text-editor elementor-clearfix\"><p>Disponemos de casetas de madera para eventos a disposici\u00f3n de nuestros clientes en r\u00e9gimen de alquiler.<\/p><\/div>\n\t\t\t\t<\/div>\n\t\t\t\t<\/div>\n\t\t\t\t\t\t<\/div>\n\t\t\t\t\t<\/div>\n\t\t<\/div>\n\t\t\t\t<div class=\"elementor-column elementor-col-50 elementor-inner-column elementor-element elementor-element-6a6b9fc0\" data-id=\"6a6b9fc0\" data-element_type=\"column\">\n\t\t\t<div class=\"elementor-column-wrap elementor-element-populated\">\n\t\t\t\t\t\t\t<div class=\"elementor-widget-wrap\">\n\t\t\t\t\t\t<div class=\"elementor-element elementor-element-4c796684 elementor-widget elementor-widget-image\" data-id=\"4c796684\" data-element_type=\"widget\" data-widget_type=\"image.default\">\n\t\t\t\t<div class=\"elementor-widget-container\">\n\t\t\t\t\t<div class=\"elementor-image\">\n\t\t\t\t\t\t\t\t\t\t<img width=\"1024\" height=\"682\" src=\"https:\/\/alquilercasetasmadera.es\/wp-content\/uploads\/2020\/06\/De-compras-casetas-madera-zaragoza-y-eventos.jpg\" class=\"attachment-large size-large\" alt=\"De-compras-casetas-madera-zaragoza-y-eventos\" loading=\"lazy\" srcset=\"https:\/\/alquilercasetasmadera.es\/wp-content\/uploads\/2020\/06\/De-compras-casetas-madera-zaragoza-y-eventos.jpg 1024w, https:\/\/alquilercasetasmadera.es\/wp-content\/uploads\/2020\/06\/De-compras-casetas-madera-zaragoza-y-eventos-300x200.jpg 300w, https:\/\/alquilercasetasmadera.es\/wp-content\/uploads\/2020\/06\/De-compras-casetas-madera-zaragoza-y-eventos-768x512.jpg 768w\" sizes=\"(max-width: 1024px) 100vw, 1024px\" \/>\t\t\t\t\t\t\t\t\t\t\t<\/div>\n\t\t\t\t<\/div>\n\t\t\t\t<\/div>\n\t\t\t\t\t\t<\/div>\n\t\t\t\t\t<\/div>\n\t\t<\/div>\n\t\t\t\t\t\t\t\t<\/div>\n\t\t\t\t\t<\/div>\n\t\t<\/section>\n\t\t\t\t<section class=\"elementor-section elementor-inner-section elementor-element elementor-element-2dc19cf5 elementor-section-content-middle elementor-section-boxed elementor-section-height-default elementor-section-height-default\" data-id=\"2dc19cf5\" data-element_type=\"section\">\n\t\t\t\t\t\t<div class=\"elementor-container elementor-column-gap-no\">\n\t\t\t\t\t\t\t<div class=\"elementor-row\">\n\t\t\t\t\t<div class=\"elementor-column elementor-col-50 elementor-inner-column elementor-element elementor-element-5dba9409\" data-id=\"5dba9409\" data-element_type=\"column\">\n\t\t\t<div class=\"elementor-column-wrap elementor-element-populated\">\n\t\t\t\t\t\t\t<div class=\"elementor-widget-wrap\">\n\t\t\t\t\t\t<div class=\"elementor-element elementor-element-1a10d81f elementor-widget elementor-widget-image\" data-id=\"1a10d81f\" data-element_type=\"widget\" data-widget_type=\"image.default\">\n\t\t\t\t<div class=\"elementor-widget-container\">\n\t\t\t\t\t<div class=\"elementor-image\">\n\t\t\t\t\t\t\t\t\t\t<img width=\"1024\" height=\"730\" src=\"https:\/\/alquilercasetasmadera.es\/wp-content\/uploads\/2020\/06\/Plaza-del-Pilar-zaragoza-y-eventos-detalle-trasera-casetas-madera.jpg\" class=\"attachment-large size-large\" alt=\"Plaza-del-Pilar-zaragoza-y-eventos-detalle-trasera-casetas-madera\" loading=\"lazy\" srcset=\"https:\/\/alquilercasetasmadera.es\/wp-content\/uploads\/2020\/06\/Plaza-del-Pilar-zaragoza-y-eventos-detalle-trasera-casetas-madera.jpg 1024w, https:\/\/alquilercasetasmadera.es\/wp-content\/uploads\/2020\/06\/Plaza-del-Pilar-zaragoza-y-eventos-detalle-trasera-casetas-madera-300x214.jpg 300w, https:\/\/alquilercasetasmadera.es\/wp-content\/uploads\/2020\/06\/Plaza-del-Pilar-zaragoza-y-eventos-detalle-trasera-casetas-madera-768x548.jpg 768w\" sizes=\"(max-width: 1024px) 100vw, 1024px\" \/>\t\t\t\t\t\t\t\t\t\t\t<\/div>\n\t\t\t\t<\/div>\n\t\t\t\t<\/div>\n\t\t\t\t\t\t<\/div>\n\t\t\t\t\t<\/div>\n\t\t<\/div>\n\t\t\t\t<div class=\"elementor-column elementor-col-50 elementor-inner-column elementor-element elementor-element-6061de21\" data-id=\"6061de21\" data-element_type=\"column\" data-settings=\"{&quot;background_background&quot;:&quot;classic&quot;}\">\n\t\t\t<div class=\"elementor-column-wrap elementor-element-populated\">\n\t\t\t\t\t\t\t<div class=\"elementor-widget-wrap\">\n\t\t\t\t\t\t<div class=\"elementor-element elementor-element-9eae9f0 elementor-widget elementor-widget-text-editor\" data-id=\"9eae9f0\" data-element_type=\"widget\" data-widget_type=\"text-editor.default\">\n\t\t\t\t<div class=\"elementor-widget-container\">\n\t\t\t\t\t<div class=\"elementor-text-editor elementor-clearfix\"><p>Nuestras casetas de madera para eventos han sido dise\u00f1adas de forma integral para satisfacer las necesidades de los expositores en todo tipo de eventos.<\/p><\/div>\n\t\t\t\t<\/div>\n\t\t\t\t<\/div>\n\t\t\t\t\t\t<\/div>\n\t\t\t\t\t<\/div>\n\t\t<\/div>\n\t\t\t\t\t\t\t\t<\/div>\n\t\t\t\t\t<\/div>\n\t\t<\/section>\n\t\t\t\t\t\t<\/div>\n\t\t\t\t\t<\/div>\n\t\t<\/div>\n\t\t\t\t\t\t\t\t<\/div>\n\t\t\t\t\t<\/div>\n\t\t<\/section>\n\t\t\t\t<section class=\"elementor-section elementor-top-section elementor-element elementor-element-92f9f13 elementor-section-boxed elementor-section-height-default elementor-section-height-default\" data-id=\"92f9f13\" data-element_type=\"section\">\n\t\t\t\t\t\t<div class=\"elementor-container elementor-column-gap-default\">\n\t\t\t\t\t\t\t<div class=\"elementor-row\">\n\t\t\t\t\t<div class=\"elementor-column elementor-col-100 elementor-top-column elementor-element elementor-element-7cf968d\" data-id=\"7cf968d\" data-element_type=\"column\">\n\t\t\t<div class=\"elementor-column-wrap elementor-element-populated\">\n\t\t\t\t\t\t\t<div class=\"elementor-widget-wrap\">\n\t\t\t\t\t\t<div class=\"elementor-element elementor-element-de24ba6 elementor-blockquote--skin-border elementor-blockquote--button-color-official elementor-widget elementor-widget-blockquote\" data-id=\"de24ba6\" data-element_type=\"widget\" data-widget_type=\"blockquote.default\">\n\t\t\t\t<div class=\"elementor-widget-container\">\n\t\t\t\t\t<blockquote class=\"elementor-blockquote\">\n\t\t\t<p class=\"elementor-blockquote__content\">\n\t\t\t\tSu especial dise\u00f1o y gran calidad las convierten en las casetas de madera ideales para cualquier evento. Cuentan con un exterior robusto y un interior confortable y funcional que ofrece grandes posibilidades en cuanto a decoraci\u00f3n y ambientaci\u00f3n y que hace que resulten perfectas para cualquier evento tem\u00e1tico, pues pueden integrarse a la perfecci\u00f3n en cualquier entorno.\t\t\t<\/p>\n\t\t\t\t\t<\/blockquote>\n\t\t\t\t<\/div>\n\t\t\t\t<\/div>\n\t\t\t\t\t\t<\/div>\n\t\t\t\t\t<\/div>\n\t\t<\/div>\n\t\t\t\t\t\t\t\t<\/div>\n\t\t\t\t\t<\/div>\n\t\t<\/section>\n\t\t\t\t<section class=\"elementor-section elementor-top-section elementor-element elementor-element-09bdac4 elementor-section-boxed elementor-section-height-default elementor-section-height-default\" data-id=\"09bdac4\" data-element_type=\"section\">\n\t\t\t\t\t\t<div class=\"elementor-container elementor-column-gap-default\">\n\t\t\t\t\t\t\t<div class=\"elementor-row\">\n\t\t\t\t\t<div class=\"elementor-column elementor-col-100 elementor-top-column elementor-element elementor-element-e883ac0\" data-id=\"e883ac0\" data-element_type=\"column\">\n\t\t\t<div class=\"elementor-column-wrap elementor-element-populated\">\n\t\t\t\t\t\t\t<div class=\"elementor-widget-wrap\">\n\t\t\t\t\t\t<div class=\"elementor-element elementor-element-7d599d3 elementor-widget elementor-widget-gallery\" data-id=\"7d599d3\" data-element_type=\"widget\" data-settings=\"{&quot;gallery_layout&quot;:&quot;justified&quot;,&quot;ideal_row_height&quot;:{&quot;unit&quot;:&quot;px&quot;,&quot;size&quot;:202,&quot;sizes&quot;:[]},&quot;lazyload&quot;:&quot;yes&quot;,&quot;ideal_row_height_tablet&quot;:{&quot;unit&quot;:&quot;px&quot;,&quot;size&quot;:150,&quot;sizes&quot;:[]},&quot;ideal_row_height_mobile&quot;:{&quot;unit&quot;:&quot;px&quot;,&quot;size&quot;:150,&quot;sizes&quot;:[]},&quot;gap&quot;:{&quot;unit&quot;:&quot;px&quot;,&quot;size&quot;:10,&quot;sizes&quot;:[]},&quot;gap_tablet&quot;:{&quot;unit&quot;:&quot;px&quot;,&quot;size&quot;:10,&quot;sizes&quot;:[]},&quot;gap_mobile&quot;:{&quot;unit&quot;:&quot;px&quot;,&quot;size&quot;:10,&quot;sizes&quot;:[]},&quot;link_to&quot;:&quot;file&quot;,&quot;overlay_background&quot;:&quot;yes&quot;,&quot;content_hover_animation&quot;:&quot;fade-in&quot;}\" data-widget_type=\"gallery.default\">\n\t\t\t\t<div class=\"elementor-widget-container\">\n\t\t\t\t\t<div class=\"elementor-gallery__container\">\n\t\t\t\t\t\t\t<a class=\"e-gallery-item elementor-gallery-item elementor-animated-content\" href=\"https:\/\/alquilercasetasmadera.es\/wp-content\/uploads\/2020\/06\/Portada-foto-vista-general-mantenimiento-Plaza-del-Pilar-zaragoza-y-eventos.jpg\" data-elementor-open-lightbox=\"yes\" data-elementor-lightbox-slideshow=\"all-7d599d3\">\n\t\t\t\t\t<div class=\"e-gallery-image elementor-gallery-item__image\" data-thumbnail=\"https:\/\/alquilercasetasmadera.es\/wp-content\/uploads\/2020\/06\/Portada-foto-vista-general-mantenimiento-Plaza-del-Pilar-zaragoza-y-eventos.jpg\" data-width=\"1920\" data-height=\"1280\" alt=\"Portada-foto-vista-general-mantenimiento-Plaza-del-Pilar-zaragoza-y-eventos\" ><\/div>\n\t\t\t\t\t\t\t\t\t\t<div class=\"elementor-gallery-item__overlay\"><\/div>\n\t\t\t\t\t\t\t\t\t\t\t\t\t\t<\/a>\n\t\t\t\t\t\t\t<a class=\"e-gallery-item elementor-gallery-item elementor-animated-content\" href=\"https:\/\/alquilercasetasmadera.es\/wp-content\/uploads\/2020\/06\/Plaza-del-Pilar-zaragoza-y-eventos-detalle-trasera-casetas-madera.jpg\" data-elementor-open-lightbox=\"yes\" data-elementor-lightbox-slideshow=\"all-7d599d3\">\n\t\t\t\t\t<div class=\"e-gallery-image elementor-gallery-item__image\" data-thumbnail=\"https:\/\/alquilercasetasmadera.es\/wp-content\/uploads\/2020\/06\/Plaza-del-Pilar-zaragoza-y-eventos-detalle-trasera-casetas-madera.jpg\" data-width=\"1024\" data-height=\"730\" alt=\"Plaza-del-Pilar-zaragoza-y-eventos-detalle-trasera-casetas-madera\" ><\/div>\n\t\t\t\t\t\t\t\t\t\t<div class=\"elementor-gallery-item__overlay\"><\/div>\n\t\t\t\t\t\t\t\t\t\t\t\t\t\t<\/a>\n\t\t\t\t\t\t\t<a class=\"e-gallery-item elementor-gallery-item elementor-animated-content\" href=\"https:\/\/alquilercasetasmadera.es\/wp-content\/uploads\/2020\/06\/Feria-del-vino-Zaragoza-y-eventos.jpg\" data-elementor-open-lightbox=\"yes\" data-elementor-lightbox-slideshow=\"all-7d599d3\">\n\t\t\t\t\t<div class=\"e-gallery-image elementor-gallery-item__image\" data-thumbnail=\"https:\/\/alquilercasetasmadera.es\/wp-content\/uploads\/2020\/06\/Feria-del-vino-Zaragoza-y-eventos.jpg\" data-width=\"1024\" data-height=\"696\" alt=\"Feria-del-vino-Zaragoza-y-eventos\" ><\/div>\n\t\t\t\t\t\t\t\t\t\t<div class=\"elementor-gallery-item__overlay\"><\/div>\n\t\t\t\t\t\t\t\t\t\t\t\t\t\t<\/a>\n\t\t\t\t\t\t\t<a class=\"e-gallery-item elementor-gallery-item elementor-animated-content\" href=\"https:\/\/alquilercasetasmadera.es\/wp-content\/uploads\/2020\/06\/De-compras-casetas-madera-zaragoza-y-eventos.jpg\" data-elementor-open-lightbox=\"yes\" data-elementor-lightbox-slideshow=\"all-7d599d3\">\n\t\t\t\t\t<div class=\"e-gallery-image elementor-gallery-item__image\" data-thumbnail=\"https:\/\/alquilercasetasmadera.es\/wp-content\/uploads\/2020\/06\/De-compras-casetas-madera-zaragoza-y-eventos.jpg\" data-width=\"1024\" data-height=\"682\" alt=\"De-compras-casetas-madera-zaragoza-y-eventos\" ><\/div>\n\t\t\t\t\t\t\t\t\t\t<div class=\"elementor-gallery-item__overlay\"><\/div>\n\t\t\t\t\t\t\t\t\t\t\t\t\t\t<\/a>\n\t\t\t\t\t\t\t<a class=\"e-gallery-item elementor-gallery-item elementor-animated-content\" href=\"https:\/\/alquilercasetasmadera.es\/wp-content\/uploads\/2020\/06\/Detalle-chimenea-tejado-caseta-madera-zaragoza-y-eventos.jpg\" data-elementor-open-lightbox=\"yes\" data-elementor-lightbox-slideshow=\"all-7d599d3\">\n\t\t\t\t\t<div class=\"e-gallery-image elementor-gallery-item__image\" data-thumbnail=\"https:\/\/alquilercasetasmadera.es\/wp-content\/uploads\/2020\/06\/Detalle-chimenea-tejado-caseta-madera-zaragoza-y-eventos.jpg\" data-width=\"1024\" data-height=\"1539\" alt=\"Detalle-chimenea-tejado-caseta-madera-zaragoza-y-eventos\" ><\/div>\n\t\t\t\t\t\t\t\t\t\t<div class=\"elementor-gallery-item__overlay\"><\/div>\n\t\t\t\t\t\t\t\t\t\t\t\t\t\t<\/a>\n\t\t\t\t\t\t\t<a class=\"e-gallery-item elementor-gallery-item elementor-animated-content\" href=\"https:\/\/alquilercasetasmadera.es\/wp-content\/uploads\/2020\/06\/Feria-del-libro-tarazona-detalle-zaragoza-y-eventos.jpg\" data-elementor-open-lightbox=\"yes\" data-elementor-lightbox-slideshow=\"all-7d599d3\">\n\t\t\t\t\t<div class=\"e-gallery-image elementor-gallery-item__image\" data-thumbnail=\"https:\/\/alquilercasetasmadera.es\/wp-content\/uploads\/2020\/06\/Feria-del-libro-tarazona-detalle-zaragoza-y-eventos.jpg\" data-width=\"1024\" data-height=\"768\" alt=\"Feria-del-libro-tarazona-detalle-zaragoza-y-eventos\" ><\/div>\n\t\t\t\t\t\t\t\t\t\t<div class=\"elementor-gallery-item__overlay\"><\/div>\n\t\t\t\t\t\t\t\t\t\t\t\t\t\t<\/a>\n\t\t\t\t\t\t\t<a class=\"e-gallery-item elementor-gallery-item elementor-animated-content\" href=\"https:\/\/alquilercasetasmadera.es\/wp-content\/uploads\/2020\/06\/Detalle-union-dos-casetas-madera-zaragoza-y-eventos.jpg\" data-elementor-open-lightbox=\"yes\" data-elementor-lightbox-slideshow=\"all-7d599d3\">\n\t\t\t\t\t<div class=\"e-gallery-image elementor-gallery-item__image\" data-thumbnail=\"https:\/\/alquilercasetasmadera.es\/wp-content\/uploads\/2020\/06\/Detalle-union-dos-casetas-madera-zaragoza-y-eventos.jpg\" data-width=\"1024\" data-height=\"683\" alt=\"Detalle-union-dos-casetas-madera-zaragoza-y-eventos\" ><\/div>\n\t\t\t\t\t\t\t\t\t\t<div class=\"elementor-gallery-item__overlay\"><\/div>\n\t\t\t\t\t\t\t\t\t\t\t\t\t\t<\/a>\n\t\t\t\t\t\t\t<a class=\"e-gallery-item elementor-gallery-item elementor-animated-content\" href=\"https:\/\/alquilercasetasmadera.es\/wp-content\/uploads\/2020\/06\/De-compras-detalle-casetas-madera-zaragoza-y-eventos.jpg\" data-elementor-open-lightbox=\"yes\" data-elementor-lightbox-slideshow=\"all-7d599d3\">\n\t\t\t\t\t<div class=\"e-gallery-image elementor-gallery-item__image\" data-thumbnail=\"https:\/\/alquilercasetasmadera.es\/wp-content\/uploads\/2020\/06\/De-compras-detalle-casetas-madera-zaragoza-y-eventos.jpg\" data-width=\"1024\" data-height=\"1539\" alt=\"De-compras-detalle-casetas-madera-zaragoza-y-eventos\" ><\/div>\n\t\t\t\t\t\t\t\t\t\t<div class=\"elementor-gallery-item__overlay\"><\/div>\n\t\t\t\t\t\t\t\t\t\t\t\t\t\t<\/a>\n\t\t\t\t\t\t\t<a class=\"e-gallery-item elementor-gallery-item elementor-animated-content\" href=\"https:\/\/alquilercasetasmadera.es\/wp-content\/uploads\/2020\/06\/Detalle-capacidad-casetas-de-madera-zaragoza-y-eventos.jpg\" data-elementor-open-lightbox=\"yes\" data-elementor-lightbox-slideshow=\"all-7d599d3\">\n\t\t\t\t\t<div class=\"e-gallery-image elementor-gallery-item__image\" data-thumbnail=\"https:\/\/alquilercasetasmadera.es\/wp-content\/uploads\/2020\/06\/Detalle-capacidad-casetas-de-madera-zaragoza-y-eventos.jpg\" data-width=\"1024\" data-height=\"683\" alt=\"Detalle-capacidad-casetas-de-madera-zaragoza-y-eventos\" ><\/div>\n\t\t\t\t\t\t\t\t\t\t<div class=\"elementor-gallery-item__overlay\"><\/div>\n\t\t\t\t\t\t\t\t\t\t\t\t\t\t<\/a>\n\t\t\t\t\t<\/div>\n\t\t\t<\/div>\n\t\t\t\t<\/div>\n\t\t\t\t\t\t<\/div>\n\t\t\t\t\t<\/div>\n\t\t<\/div>\n\t\t\t\t\t\t\t\t<\/div>\n\t\t\t\t\t<\/div>\n\t\t<\/section>\n\t\t\t\t<section class=\"elementor-section elementor-top-section elementor-element elementor-element-3921ac1 elementor-section-boxed elementor-section-height-default elementor-section-height-default\" data-id=\"3921ac1\" data-element_type=\"section\">\n\t\t\t\t\t\t<div class=\"elementor-container elementor-column-gap-default\">\n\t\t\t\t\t\t\t<div class=\"elementor-row\">\n\t\t\t\t\t<div class=\"elementor-column elementor-col-100 elementor-top-column elementor-element elementor-element-0b0c08b\" data-id=\"0b0c08b\" data-element_type=\"column\">\n\t\t\t<div class=\"elementor-column-wrap elementor-element-populated\">\n\t\t\t\t\t\t\t<div class=\"elementor-widget-wrap\">\n\t\t\t\t\t\t<div class=\"elementor-element elementor-element-c01b045 elementor-blockquote--skin-border elementor-blockquote--button-color-official elementor-widget elementor-widget-blockquote\" data-id=\"c01b045\" data-element_type=\"widget\" data-widget_type=\"blockquote.default\">\n\t\t\t\t<div class=\"elementor-widget-container\">\n\t\t\t\t\t<blockquote class=\"elementor-blockquote\">\n\t\t\t<p class=\"elementor-blockquote__content\">\n\t\t\t\tPero, adem\u00e1s, nuestras casetas de madera son tambi\u00e9n casetas sumamente funcionales pues su dise\u00f1o permite unir varias de ellas para crear un espacio expositivo a la medida de las necesidades del expositor.\t\t\t<\/p>\n\t\t\t\t\t<\/blockquote>\n\t\t\t\t<\/div>\n\t\t\t\t<\/div>\n\t\t\t\t<div class=\"elementor-element elementor-element-a9a1c22 elementor-skin-coverflow elementor-arrows-yes elementor-pagination-type-bullets elementor-pagination-position-outside elementor-widget elementor-widget-media-carousel\" data-id=\"a9a1c22\" data-element_type=\"widget\" data-settings=\"{&quot;skin&quot;:&quot;coverflow&quot;,&quot;slides_per_view&quot;:&quot;1&quot;,&quot;slides_to_scroll&quot;:&quot;1&quot;,&quot;show_arrows&quot;:&quot;yes&quot;,&quot;pagination&quot;:&quot;bullets&quot;,&quot;speed&quot;:500,&quot;autoplay&quot;:&quot;yes&quot;,&quot;autoplay_speed&quot;:5000,&quot;loop&quot;:&quot;yes&quot;,&quot;pause_on_hover&quot;:&quot;yes&quot;,&quot;pause_on_interaction&quot;:&quot;yes&quot;,&quot;space_between&quot;:{&quot;unit&quot;:&quot;px&quot;,&quot;size&quot;:10,&quot;sizes&quot;:[]},&quot;space_between_tablet&quot;:{&quot;unit&quot;:&quot;px&quot;,&quot;size&quot;:10,&quot;sizes&quot;:[]},&quot;space_between_mobile&quot;:{&quot;unit&quot;:&quot;px&quot;,&quot;size&quot;:10,&quot;sizes&quot;:[]}}\" data-widget_type=\"media-carousel.default\">\n\t\t\t\t<div class=\"elementor-widget-container\">\n\t\t\t\t\t<div class=\"elementor-swiper\">\n\t\t\t<div class=\"elementor-main-swiper swiper-container\">\n\t\t\t\t<div class=\"swiper-wrapper\">\n\t\t\t\t\t\t\t\t\t\t\t<div class=\"swiper-slide\">\n\t\t\t\t\t\t\t\t\t<div class=\"elementor-carousel-image\" style=\"background-image: url(https:\/\/alquilercasetasmadera.es\/wp-content\/uploads\/2020\/06\/patatas-asadas-casetas-madera-zaragoza-y-eventos.jpg)\">\n\t\t\t\t\t<\/div>\n\t\t\t\t\t\t\t\t<\/div>\n\t\t\t\t\t\t\t\t\t\t\t<div class=\"swiper-slide\">\n\t\t\t\t\t\t\t\t\t<div class=\"elementor-carousel-image\" style=\"background-image: url(https:\/\/alquilercasetasmadera.es\/wp-content\/uploads\/2020\/06\/Trasera-casetas-madera-zaragoza-y-eventos.jpg)\">\n\t\t\t\t\t<\/div>\n\t\t\t\t\t\t\t\t<\/div>\n\t\t\t\t\t\t\t\t\t<\/div>\n\t\t\t\t\t\t\t\t\t\t\t\t\t\t\t<div class=\"swiper-pagination\"><\/div>\n\t\t\t\t\t\t\t\t\t\t\t\t\t\t\t\t<div class=\"elementor-swiper-button elementor-swiper-button-prev\">\n\t\t\t\t\t\t\t<i class=\"eicon-chevron-left\" aria-hidden=\"true\"><\/i>\n\t\t\t\t\t\t\t<span class=\"elementor-screen-only\">Previous<\/span>\n\t\t\t\t\t\t<\/div>\n\t\t\t\t\t\t<div class=\"elementor-swiper-button elementor-swiper-button-next\">\n\t\t\t\t\t\t\t<i class=\"eicon-chevron-right\" aria-hidden=\"true\"><\/i>\n\t\t\t\t\t\t\t<span class=\"elementor-screen-only\">Next<\/span>\n\t\t\t\t\t\t<\/div>\n\t\t\t\t\t\t\t\t\t\t\t\t<\/div>\n\t\t<\/div>\n\t\t\t\t<\/div>\n\t\t\t\t<\/div>\n\t\t\t\t\t\t<\/div>\n\t\t\t\t\t<\/div>\n\t\t<\/div>\n\t\t\t\t\t\t\t\t<\/div>\n\t\t\t\t\t<\/div>\n\t\t<\/section>\n\t\t\t\t\t\t<\/div>\n\t\t\t\t\t\t<\/div>\n\t\t\t\t\t<\/div>\n\t\t","protected":false},"excerpt":{"rendered":"<p>Disponemos de casetas de madera para eventos a disposici\u00f3n de nuestros clientes en r\u00e9gimen de alquiler. Nuestras casetas de madera para eventos han sido dise\u00f1adas de forma integral para satisfacer las necesidades de los expositores en todo tipo de eventos. Su especial dise\u00f1o y gran calidad las convierten en las casetas de madera ideales para &#8230; <a title=\"Descripci\u00f3n\" class=\"read-more\" href=\"https:\/\/alquilercasetasmadera.es\/?page_id=26\">Leer m\u00e1s <span class=\"screen-reader-text\">Descripci\u00f3n<\/span><\/a><\/p>\n","protected":false},"author":1,"featured_media":0,"parent":0,"menu_order":0,"comment_status":"closed","ping_status":"closed","template":"","meta":[],"_links":{"self":[{"href":"https:\/\/alquilercasetasmadera.es\/index.php?rest_route=\/wp\/v2\/pages\/26"}],"collection":[{"href":"https:\/\/alquilercasetasmadera.es\/index.php?rest_route=\/wp\/v2\/pages"}],"about":[{"href":"https:\/\/alquilercasetasmadera.es\/index.php?rest_route=\/wp\/v2\/types\/page"}],"author":[{"embeddable":true,"href":"https:\/\/alquilercasetasmadera.es\/index.php?rest_route=\/wp\/v2\/users\/1"}],"replies":[{"embeddable":true,"href":"https:\/\/alquilercasetasmadera.es\/index.php?rest_route=%2Fwp%2Fv2%2Fcomments&post=26"}],"version-history":[{"count":13,"href":"https:\/\/alquilercasetasmadera.es\/index.php?rest_route=\/wp\/v2\/pages\/26\/revisions"}],"predecessor-version":[{"id":413,"href":"https:\/\/alquilercasetasmadera.es\/index.php?rest_route=\/wp\/v2\/pages\/26\/revisions\/413"}],"wp:attachment":[{"href":"https:\/\/alquilercasetasmadera.es\/index.php?rest_route=%2Fwp%2Fv2%2Fmedia&parent=26"}],"curies":[{"name":"wp","href":"https:\/\/api.w.org\/{rel}","templated":true}]}}