{"id":38,"date":"2020-06-19T15:07:40","date_gmt":"2020-06-19T15:07:40","guid":{"rendered":"https:\/\/alquilercasetasmadera.es\/?page_id=38"},"modified":"2020-07-06T06:57:25","modified_gmt":"2020-07-06T06:57:25","slug":"usos","status":"publish","type":"page","link":"https:\/\/alquilercasetasmadera.es\/?page_id=38","title":{"rendered":"Usos"},"content":{"rendered":"\t\t<div data-elementor-type=\"wp-page\" data-elementor-id=\"38\" class=\"elementor elementor-38\" data-elementor-settings=\"[]\">\n\t\t\t\t\t\t<div class=\"elementor-inner\">\n\t\t\t\t\t\t\t<div class=\"elementor-section-wrap\">\n\t\t\t\t\t\t\t<section class=\"elementor-section elementor-top-section elementor-element elementor-element-b2cbf9c elementor-section-content-middle elementor-section-boxed elementor-section-height-default elementor-section-height-default\" data-id=\"b2cbf9c\" data-element_type=\"section\">\n\t\t\t\t\t\t<div class=\"elementor-container elementor-column-gap-no\">\n\t\t\t\t\t\t\t<div class=\"elementor-row\">\n\t\t\t\t\t<div class=\"elementor-column elementor-col-50 elementor-top-column elementor-element elementor-element-47014022\" data-id=\"47014022\" data-element_type=\"column\">\n\t\t\t<div class=\"elementor-column-wrap elementor-element-populated\">\n\t\t\t\t\t\t\t<div class=\"elementor-widget-wrap\">\n\t\t\t\t\t\t<div class=\"elementor-element elementor-element-2852cf07 elementor-widget elementor-widget-heading\" data-id=\"2852cf07\" data-element_type=\"widget\" data-widget_type=\"heading.default\">\n\t\t\t\t<div class=\"elementor-widget-container\">\n\t\t\t<h3 class=\"elementor-heading-title elementor-size-default\">Casetas \n<br>de madera<\/h3>\t\t<\/div>\n\t\t\t\t<\/div>\n\t\t\t\t<div class=\"elementor-element elementor-element-701ae998 elementor-widget-divider--view-line elementor-widget elementor-widget-divider\" data-id=\"701ae998\" data-element_type=\"widget\" data-widget_type=\"divider.default\">\n\t\t\t\t<div class=\"elementor-widget-container\">\n\t\t\t\t\t<div class=\"elementor-divider\">\n\t\t\t<span class=\"elementor-divider-separator\">\n\t\t\t\t\t\t<\/span>\n\t\t<\/div>\n\t\t\t\t<\/div>\n\t\t\t\t<\/div>\n\t\t\t\t<div class=\"elementor-element elementor-element-6feacae4 elementor-widget elementor-widget-text-editor\" data-id=\"6feacae4\" data-element_type=\"widget\" data-widget_type=\"text-editor.default\">\n\t\t\t\t<div class=\"elementor-widget-container\">\n\t\t\t\t\t<div class=\"elementor-text-editor elementor-clearfix\"><p>Nuestras casetas de madera para eventos se adaptan a la perfecci\u00f3n a la venta de todo tipo de productos artesanos o alimenticios y su dise\u00f1o, que combina a la perfecci\u00f3n est\u00e9tica y funcionalidad, las convierte en las casetas de madera perfectas para formar parte de toda clase de mercados, ferias gastron\u00f3micas, ferias culturales, fiestas privadas, eventos p\u00fablicos, festivales de m\u00fasica, etc.<\/p><\/div>\n\t\t\t\t<\/div>\n\t\t\t\t<\/div>\n\t\t\t\t\t\t<\/div>\n\t\t\t\t\t<\/div>\n\t\t<\/div>\n\t\t\t\t<div class=\"elementor-column elementor-col-50 elementor-top-column elementor-element elementor-element-13c9962e\" data-id=\"13c9962e\" data-element_type=\"column\">\n\t\t\t<div class=\"elementor-column-wrap elementor-element-populated\">\n\t\t\t\t\t\t\t<div class=\"elementor-widget-wrap\">\n\t\t\t\t\t\t<div class=\"elementor-element elementor-element-48c52482 elementor-widget elementor-widget-image\" data-id=\"48c52482\" data-element_type=\"widget\" data-widget_type=\"image.default\">\n\t\t\t\t<div class=\"elementor-widget-container\">\n\t\t\t\t\t<div class=\"elementor-image\">\n\t\t\t\t\t\t\t\t\t\t<img width=\"1024\" height=\"1539\" src=\"https:\/\/alquilercasetasmadera.es\/wp-content\/uploads\/2020\/06\/De-compras-detalle-casetas-madera-zaragoza-y-eventos.jpg\" class=\"attachment-full size-full\" alt=\"De-compras-detalle-casetas-madera-zaragoza-y-eventos\" loading=\"lazy\" srcset=\"https:\/\/alquilercasetasmadera.es\/wp-content\/uploads\/2020\/06\/De-compras-detalle-casetas-madera-zaragoza-y-eventos.jpg 1024w, https:\/\/alquilercasetasmadera.es\/wp-content\/uploads\/2020\/06\/De-compras-detalle-casetas-madera-zaragoza-y-eventos-200x300.jpg 200w, https:\/\/alquilercasetasmadera.es\/wp-content\/uploads\/2020\/06\/De-compras-detalle-casetas-madera-zaragoza-y-eventos-681x1024.jpg 681w, https:\/\/alquilercasetasmadera.es\/wp-content\/uploads\/2020\/06\/De-compras-detalle-casetas-madera-zaragoza-y-eventos-768x1154.jpg 768w, https:\/\/alquilercasetasmadera.es\/wp-content\/uploads\/2020\/06\/De-compras-detalle-casetas-madera-zaragoza-y-eventos-1022x1536.jpg 1022w\" sizes=\"(max-width: 1024px) 100vw, 1024px\" \/>\t\t\t\t\t\t\t\t\t\t\t<\/div>\n\t\t\t\t<\/div>\n\t\t\t\t<\/div>\n\t\t\t\t\t\t<\/div>\n\t\t\t\t\t<\/div>\n\t\t<\/div>\n\t\t\t\t\t\t\t\t<\/div>\n\t\t\t\t\t<\/div>\n\t\t<\/section>\n\t\t\t\t\t\t<\/div>\n\t\t\t\t\t\t<\/div>\n\t\t\t\t\t<\/div>\n\t\t","protected":false},"excerpt":{"rendered":"<p>Casetas de madera Nuestras casetas de madera para eventos se adaptan a la perfecci\u00f3n a la venta de todo tipo de productos artesanos o alimenticios y su dise\u00f1o, que combina a la perfecci\u00f3n est\u00e9tica y funcionalidad, las convierte en las casetas de madera perfectas para formar parte de toda clase de mercados, ferias gastron\u00f3micas, ferias &#8230; <a title=\"Usos\" class=\"read-more\" href=\"https:\/\/alquilercasetasmadera.es\/?page_id=38\">Leer m\u00e1s <span class=\"screen-reader-text\">Usos<\/span><\/a><\/p>\n","protected":false},"author":1,"featured_media":0,"parent":0,"menu_order":0,"comment_status":"closed","ping_status":"closed","template":"","meta":[],"_links":{"self":[{"href":"https:\/\/alquilercasetasmadera.es\/index.php?rest_route=\/wp\/v2\/pages\/38"}],"collection":[{"href":"https:\/\/alquilercasetasmadera.es\/index.php?rest_route=\/wp\/v2\/pages"}],"about":[{"href":"https:\/\/alquilercasetasmadera.es\/index.php?rest_route=\/wp\/v2\/types\/page"}],"author":[{"embeddable":true,"href":"https:\/\/alquilercasetasmadera.es\/index.php?rest_route=\/wp\/v2\/users\/1"}],"replies":[{"embeddable":true,"href":"https:\/\/alquilercasetasmadera.es\/index.php?rest_route=%2Fwp%2Fv2%2Fcomments&post=38"}],"version-history":[{"count":13,"href":"https:\/\/alquilercasetasmadera.es\/index.php?rest_route=\/wp\/v2\/pages\/38\/revisions"}],"predecessor-version":[{"id":251,"href":"https:\/\/alquilercasetasmadera.es\/index.php?rest_route=\/wp\/v2\/pages\/38\/revisions\/251"}],"wp:attachment":[{"href":"https:\/\/alquilercasetasmadera.es\/index.php?rest_route=%2Fwp%2Fv2%2Fmedia&parent=38"}],"curies":[{"name":"wp","href":"https:\/\/api.w.org\/{rel}","templated":true}]}}